{"id":600,"date":"2020-10-19T18:06:03","date_gmt":"2020-10-19T16:06:03","guid":{"rendered":"https:\/\/copiba.com\/serveis\/gamma-colors-2\/"},"modified":"2021-02-25T17:19:09","modified_gmt":"2021-02-25T15:19:09","slug":"gama-colores","status":"publish","type":"page","link":"https:\/\/copiba.com\/es\/servicios\/gama-colores\/","title":{"rendered":"Gama colores"},"content":{"rendered":"\t\t<div data-elementor-type=\"wp-page\" data-elementor-id=\"600\" class=\"elementor elementor-600 elementor-254\" data-elementor-settings=\"[]\">\n\t\t\t\t\t\t<div class=\"elementor-inner\">\n\t\t\t\t\t\t\t<div class=\"elementor-section-wrap\">\n\t\t\t\t\t\t\t<section class=\"elementor-section elementor-top-section elementor-element elementor-element-63d7543 elementor-section-boxed elementor-section-height-default elementor-section-height-default\" data-id=\"63d7543\" data-element_type=\"section\">\n\t\t\t\t\t\t<div class=\"elementor-container elementor-column-gap-default\">\n\t\t\t\t\t\t\t<div class=\"elementor-row\">\n\t\t\t\t\t<div class=\"elementor-column elementor-col-100 elementor-top-column elementor-element elementor-element-71e7a63\" data-id=\"71e7a63\" data-element_type=\"column\">\n\t\t\t<div class=\"elementor-column-wrap elementor-element-populated\">\n\t\t\t\t\t\t\t<div class=\"elementor-widget-wrap\">\n\t\t\t\t\t\t<div class=\"elementor-element elementor-element-39d5319 elementor-widget elementor-widget-spacer\" data-id=\"39d5319\" data-element_type=\"widget\" data-widget_type=\"spacer.default\">\n\t\t\t\t<div class=\"elementor-widget-container\">\n\t\t\t\t\t<div class=\"elementor-spacer\">\n\t\t\t<div class=\"elementor-spacer-inner\"><\/div>\n\t\t<\/div>\n\t\t\t\t<\/div>\n\t\t\t\t<\/div>\n\t\t\t\t<div class=\"elementor-element elementor-element-827accf elementor-widget elementor-widget-heading\" data-id=\"827accf\" data-element_type=\"widget\" data-widget_type=\"heading.default\">\n\t\t\t\t<div class=\"elementor-widget-container\">\n\t\t\t<h2 class=\"elementor-heading-title elementor-size-large\">Gama colores<\/h2>\t\t<\/div>\n\t\t\t\t<\/div>\n\t\t\t\t<div class=\"elementor-element elementor-element-caf6567 elementor-widget-divider--view-line elementor-widget elementor-widget-divider\" data-id=\"caf6567\" data-element_type=\"widget\" data-widget_type=\"divider.default\">\n\t\t\t\t<div class=\"elementor-widget-container\">\n\t\t\t\t\t<div class=\"elementor-divider\">\n\t\t\t<span class=\"elementor-divider-separator\">\n\t\t\t\t\t\t<\/span>\n\t\t<\/div>\n\t\t\t\t<\/div>\n\t\t\t\t<\/div>\n\t\t\t\t\t\t<\/div>\n\t\t\t\t\t<\/div>\n\t\t<\/div>\n\t\t\t\t\t\t\t\t<\/div>\n\t\t\t\t\t<\/div>\n\t\t<\/section>\n\t\t\t\t<section class=\"elementor-section elementor-top-section elementor-element elementor-element-d436ab1 elementor-section-boxed elementor-section-height-default elementor-section-height-default\" data-id=\"d436ab1\" data-element_type=\"section\">\n\t\t\t\t\t\t<div class=\"elementor-container elementor-column-gap-default\">\n\t\t\t\t\t\t\t<div class=\"elementor-row\">\n\t\t\t\t\t<div class=\"elementor-column elementor-col-100 elementor-top-column elementor-element elementor-element-b7b3c50\" data-id=\"b7b3c50\" data-element_type=\"column\">\n\t\t\t<div class=\"elementor-column-wrap elementor-element-populated\">\n\t\t\t\t\t\t\t<div class=\"elementor-widget-wrap\">\n\t\t\t\t\t\t<section class=\"elementor-section elementor-inner-section elementor-element elementor-element-f4bcda1 elementor-section-content-middle elementor-section-boxed elementor-section-height-default elementor-section-height-default\" data-id=\"f4bcda1\" data-element_type=\"section\">\n\t\t\t\t\t\t<div class=\"elementor-container elementor-column-gap-no\">\n\t\t\t\t\t\t\t<div class=\"elementor-row\">\n\t\t\t\t\t<div class=\"elementor-column elementor-col-50 elementor-inner-column elementor-element elementor-element-640fe25\" data-id=\"640fe25\" data-element_type=\"column\">\n\t\t\t<div class=\"elementor-column-wrap elementor-element-populated\">\n\t\t\t\t\t\t\t<div class=\"elementor-widget-wrap\">\n\t\t\t\t\t\t<div class=\"elementor-element elementor-element-196e14a elementor-widget elementor-widget-heading\" data-id=\"196e14a\" data-element_type=\"widget\" data-widget_type=\"heading.default\">\n\t\t\t\t<div class=\"elementor-widget-container\">\n\t\t\t<h3 class=\"elementor-heading-title elementor-size-default\">Gamas tintom\u00e9tricas<\/h3>\t\t<\/div>\n\t\t\t\t<\/div>\n\t\t\t\t<div class=\"elementor-element elementor-element-18236ec elementor-widget elementor-widget-text-editor\" data-id=\"18236ec\" data-element_type=\"widget\" data-widget_type=\"text-editor.default\">\n\t\t\t\t<div class=\"elementor-widget-container\">\n\t\t\t\t\t<div class=\"elementor-text-editor elementor-clearfix\">Posibilidad de realizar gama tintom\u00e9trica tanto decorativa como industrial y de alta decoraci\u00f3n. Podemos realizar lo que usted desee con una gama de colores infinita.<\/div>\n\t\t\t\t<\/div>\n\t\t\t\t<\/div>\n\t\t\t\t\t\t<\/div>\n\t\t\t\t\t<\/div>\n\t\t<\/div>\n\t\t\t\t<div class=\"elementor-column elementor-col-50 elementor-inner-column elementor-element elementor-element-63bc63b\" data-id=\"63bc63b\" data-element_type=\"column\">\n\t\t\t<div class=\"elementor-column-wrap elementor-element-populated\">\n\t\t\t\t\t\t\t<div class=\"elementor-widget-wrap\">\n\t\t\t\t\t\t<div class=\"elementor-element elementor-element-2801f57 elementor-widget elementor-widget-image\" data-id=\"2801f57\" data-element_type=\"widget\" data-widget_type=\"image.default\">\n\t\t\t\t<div class=\"elementor-widget-container\">\n\t\t\t\t\t<div class=\"elementor-image\">\n\t\t\t\t\t\t\t\t\t\t<img loading=\"lazy\" decoding=\"async\" width=\"525\" height=\"392\" src=\"https:\/\/copiba.com\/wp-content\/uploads\/2020\/10\/gamma-colors.jpg\" class=\"attachment-large size-large\" alt=\"\" srcset=\"https:\/\/copiba.com\/wp-content\/uploads\/2020\/10\/gamma-colors.jpg 796w, https:\/\/copiba.com\/wp-content\/uploads\/2020\/10\/gamma-colors-300x224.jpg 300w, https:\/\/copiba.com\/wp-content\/uploads\/2020\/10\/gamma-colors-768x574.jpg 768w\" sizes=\"auto, 100vw\" \/>\t\t\t\t\t\t\t\t\t\t\t<\/div>\n\t\t\t\t<\/div>\n\t\t\t\t<\/div>\n\t\t\t\t\t\t<\/div>\n\t\t\t\t\t<\/div>\n\t\t<\/div>\n\t\t\t\t\t\t\t\t<\/div>\n\t\t\t\t\t<\/div>\n\t\t<\/section>\n\t\t\t\t<div class=\"elementor-element elementor-element-e5e0692 elementor-widget elementor-widget-spacer\" data-id=\"e5e0692\" data-element_type=\"widget\" data-widget_type=\"spacer.default\">\n\t\t\t\t<div class=\"elementor-widget-container\">\n\t\t\t\t\t<div class=\"elementor-spacer\">\n\t\t\t<div class=\"elementor-spacer-inner\"><\/div>\n\t\t<\/div>\n\t\t\t\t<\/div>\n\t\t\t\t<\/div>\n\t\t\t\t\t\t<\/div>\n\t\t\t\t\t<\/div>\n\t\t<\/div>\n\t\t\t\t\t\t\t\t<\/div>\n\t\t\t\t\t<\/div>\n\t\t<\/section>\n\t\t\t\t<section class=\"elementor-section elementor-top-section elementor-element elementor-element-181d512 elementor-section-boxed elementor-section-height-default elementor-section-height-default\" data-id=\"181d512\" data-element_type=\"section\">\n\t\t\t\t\t\t<div class=\"elementor-container elementor-column-gap-default\">\n\t\t\t\t\t\t\t<div class=\"elementor-row\">\n\t\t\t\t\t<div class=\"elementor-column elementor-col-100 elementor-top-column elementor-element elementor-element-801dc04\" data-id=\"801dc04\" data-element_type=\"column\">\n\t\t\t<div class=\"elementor-column-wrap elementor-element-populated\">\n\t\t\t\t\t\t\t<div class=\"elementor-widget-wrap\">\n\t\t\t\t\t\t<div class=\"elementor-element elementor-element-e3df3ef elementor-widget elementor-widget-spacer\" data-id=\"e3df3ef\" data-element_type=\"widget\" data-widget_type=\"spacer.default\">\n\t\t\t\t<div class=\"elementor-widget-container\">\n\t\t\t\t\t<div class=\"elementor-spacer\">\n\t\t\t<div class=\"elementor-spacer-inner\"><\/div>\n\t\t<\/div>\n\t\t\t\t<\/div>\n\t\t\t\t<\/div>\n\t\t\t\t\t\t<\/div>\n\t\t\t\t\t<\/div>\n\t\t<\/div>\n\t\t\t\t\t\t\t\t<\/div>\n\t\t\t\t\t<\/div>\n\t\t<\/section>\n\t\t\t\t<section class=\"elementor-section elementor-top-section elementor-element elementor-element-252f83f elementor-section-boxed elementor-section-height-default elementor-section-height-default\" data-id=\"252f83f\" data-element_type=\"section\" data-settings=\"{&quot;background_background&quot;:&quot;classic&quot;}\">\n\t\t\t\t\t\t\t<div class=\"elementor-background-overlay\"><\/div>\n\t\t\t\t\t\t\t<div class=\"elementor-container elementor-column-gap-default\">\n\t\t\t\t\t\t\t<div class=\"elementor-row\">\n\t\t\t\t\t<div class=\"elementor-column elementor-col-100 elementor-top-column elementor-element elementor-element-8869349\" data-id=\"8869349\" data-element_type=\"column\">\n\t\t\t<div class=\"elementor-column-wrap elementor-element-populated\">\n\t\t\t\t\t\t\t<div class=\"elementor-widget-wrap\">\n\t\t\t\t\t\t<div class=\"elementor-element elementor-element-f658f4b elementor-widget elementor-widget-heading\" data-id=\"f658f4b\" data-element_type=\"widget\" data-widget_type=\"heading.default\">\n\t\t\t\t<div class=\"elementor-widget-container\">\n\t\t\t<h2 class=\"elementor-heading-title elementor-size-large\">\u00bfNecesitas una gama tintom\u00e9trica?<\/h2>\t\t<\/div>\n\t\t\t\t<\/div>\n\t\t\t\t<div class=\"elementor-element elementor-element-382d568 elementor-widget elementor-widget-heading\" data-id=\"382d568\" data-element_type=\"widget\" data-widget_type=\"heading.default\">\n\t\t\t\t<div class=\"elementor-widget-container\">\n\t\t\t<p class=\"elementor-heading-title elementor-size-medium\">Nuestro equipo de profesionales te ayudar\u00e1<\/p>\t\t<\/div>\n\t\t\t\t<\/div>\n\t\t\t\t<div class=\"elementor-element elementor-element-928010b elementor-button-info elementor-widget elementor-widget-button\" data-id=\"928010b\" data-element_type=\"widget\" data-widget_type=\"button.default\">\n\t\t\t\t<div class=\"elementor-widget-container\">\n\t\t\t\t\t<div class=\"elementor-button-wrapper\">\n\t\t\t<a href=\"https:\/\/copiba.com\/es\/contacto\/\" class=\"elementor-button-link elementor-button elementor-size-md\" role=\"button\">\n\t\t\t\t\t\t<span class=\"elementor-button-content-wrapper\">\n\t\t\t\t\t\t<span class=\"elementor-button-icon elementor-align-icon-left\">\n\t\t\t\t<i aria-hidden=\"true\" class=\"far fa-arrow-alt-circle-right\"><\/i>\t\t\t<\/span>\n\t\t\t\t\t\t<span class=\"elementor-button-text\">Contacta con nosotros<\/span>\n\t\t<\/span>\n\t\t\t\t\t<\/a>\n\t\t<\/div>\n\t\t\t\t<\/div>\n\t\t\t\t<\/div>\n\t\t\t\t\t\t<\/div>\n\t\t\t\t\t<\/div>\n\t\t<\/div>\n\t\t\t\t\t\t\t\t<\/div>\n\t\t\t\t\t<\/div>\n\t\t<\/section>\n\t\t\t\t\t\t<\/div>\n\t\t\t\t\t\t<\/div>\n\t\t\t\t\t<\/div>\n\t\t","protected":false},"excerpt":{"rendered":"<p>Gama colores Gamas tintom\u00e9tricas Posibilidad de realizar gama tintom\u00e9trica tanto decorativa como industrial y de alta decoraci\u00f3n. Podemos realizar lo que usted desee con una gama de colores infinita. \u00bfNecesitas una gama tintom\u00e9trica? Nuestro equipo de profesionales te ayudar\u00e1 Contacta con nosotros<\/p>\n","protected":false},"author":2,"featured_media":0,"parent":556,"menu_order":0,"comment_status":"closed","ping_status":"closed","template":"elementor_header_footer","meta":{"footnotes":""},"class_list":["post-600","page","type-page","status-publish","hentry"],"yoast_head":"<!-- This site is optimized with the Yoast SEO plugin v15.7 - https:\/\/yoast.com\/wordpress\/plugins\/seo\/ -->\n<title>Colores | Tienda de pinturas en Barcelona | COPIBA<\/title>\n<meta name=\"description\" content=\"En COPIBA podemos realizar gama tintom\u00e9trica decorativa, industrial y de alta decoraci\u00f3n. Podemos realizar lo que desee con gama de colores infinita.\" \/>\n<meta name=\"robots\" content=\"index, follow, max-snippet:-1, max-image-preview:large, max-video-preview:-1\" \/>\n<link rel=\"canonical\" href=\"https:\/\/copiba.com\/es\/servicios\/gama-colores\/\" \/>\n<meta property=\"og:locale\" content=\"es_ES\" \/>\n<meta property=\"og:type\" content=\"article\" \/>\n<meta property=\"og:title\" content=\"Colores | Tienda de pinturas en Barcelona | COPIBA\" \/>\n<meta property=\"og:description\" content=\"En COPIBA podemos realizar gama tintom\u00e9trica decorativa, industrial y de alta decoraci\u00f3n. Podemos realizar lo que desee con gama de colores infinita.\" \/>\n<meta property=\"og:url\" content=\"https:\/\/copiba.com\/es\/servicios\/gama-colores\/\" \/>\n<meta property=\"og:site_name\" content=\"COPIBA Experts en pintures\" \/>\n<meta property=\"article:modified_time\" content=\"2021-02-25T15:19:09+00:00\" \/>\n<meta property=\"og:image\" content=\"https:\/\/copiba.com\/wp-content\/uploads\/2020\/10\/gamma-colors.jpg\" \/>\n<meta name=\"twitter:card\" content=\"summary_large_image\" \/>\n<script type=\"application\/ld+json\" class=\"yoast-schema-graph\">{\"@context\":\"https:\/\/schema.org\",\"@graph\":[{\"@type\":\"WebSite\",\"@id\":\"https:\/\/copiba.com\/#website\",\"url\":\"https:\/\/copiba.com\/\",\"name\":\"COPIBA Experts en pintures\",\"description\":\"Experts en pintures\",\"potentialAction\":[{\"@type\":\"SearchAction\",\"target\":\"https:\/\/copiba.com\/?s={search_term_string}\",\"query-input\":\"required name=search_term_string\"}],\"inLanguage\":\"es\"},{\"@type\":\"ImageObject\",\"@id\":\"https:\/\/copiba.com\/es\/servicios\/gama-colores\/#primaryimage\",\"inLanguage\":\"es\",\"url\":\"https:\/\/copiba.com\/wp-content\/uploads\/2020\/10\/gamma-colors.jpg\",\"width\":796,\"height\":595},{\"@type\":\"WebPage\",\"@id\":\"https:\/\/copiba.com\/es\/servicios\/gama-colores\/#webpage\",\"url\":\"https:\/\/copiba.com\/es\/servicios\/gama-colores\/\",\"name\":\"Colores | Tienda de pinturas en Barcelona | COPIBA\",\"isPartOf\":{\"@id\":\"https:\/\/copiba.com\/#website\"},\"primaryImageOfPage\":{\"@id\":\"https:\/\/copiba.com\/es\/servicios\/gama-colores\/#primaryimage\"},\"datePublished\":\"2020-10-19T16:06:03+00:00\",\"dateModified\":\"2021-02-25T15:19:09+00:00\",\"description\":\"En COPIBA podemos realizar gama tintom\\u00e9trica decorativa, industrial y de alta decoraci\\u00f3n. Podemos realizar lo que desee con gama de colores infinita.\",\"inLanguage\":\"es\",\"potentialAction\":[{\"@type\":\"ReadAction\",\"target\":[\"https:\/\/copiba.com\/es\/servicios\/gama-colores\/\"]}]}]}<\/script>\n<!-- \/ Yoast SEO plugin. -->","_links":{"self":[{"href":"https:\/\/copiba.com\/es\/wp-json\/wp\/v2\/pages\/600","targetHints":{"allow":["GET"]}}],"collection":[{"href":"https:\/\/copiba.com\/es\/wp-json\/wp\/v2\/pages"}],"about":[{"href":"https:\/\/copiba.com\/es\/wp-json\/wp\/v2\/types\/page"}],"author":[{"embeddable":true,"href":"https:\/\/copiba.com\/es\/wp-json\/wp\/v2\/users\/2"}],"replies":[{"embeddable":true,"href":"https:\/\/copiba.com\/es\/wp-json\/wp\/v2\/comments?post=600"}],"version-history":[{"count":7,"href":"https:\/\/copiba.com\/es\/wp-json\/wp\/v2\/pages\/600\/revisions"}],"predecessor-version":[{"id":676,"href":"https:\/\/copiba.com\/es\/wp-json\/wp\/v2\/pages\/600\/revisions\/676"}],"up":[{"embeddable":true,"href":"https:\/\/copiba.com\/es\/wp-json\/wp\/v2\/pages\/556"}],"wp:attachment":[{"href":"https:\/\/copiba.com\/es\/wp-json\/wp\/v2\/media?parent=600"}],"curies":[{"name":"wp","href":"https:\/\/api.w.org\/{rel}","templated":true}]}}