{"id":630,"date":"2020-10-19T12:49:03","date_gmt":"2020-10-19T10:49:03","guid":{"rendered":"https:\/\/copiba.com\/sobre-nosaltres\/"},"modified":"2021-02-25T17:21:23","modified_gmt":"2021-02-25T15:21:23","slug":"sobre-nosotros","status":"publish","type":"page","link":"https:\/\/copiba.com\/es\/sobre-nosotros\/","title":{"rendered":"Sobre nosotros"},"content":{"rendered":"\t\t<div data-elementor-type=\"wp-page\" data-elementor-id=\"630\" class=\"elementor elementor-630 elementor-177\" data-elementor-settings=\"[]\">\n\t\t\t\t\t\t<div class=\"elementor-inner\">\n\t\t\t\t\t\t\t<div class=\"elementor-section-wrap\">\n\t\t\t\t\t\t\t<section class=\"elementor-section elementor-top-section elementor-element elementor-element-71a961a elementor-section-boxed elementor-section-height-default elementor-section-height-default\" data-id=\"71a961a\" data-element_type=\"section\" data-settings=\"{&quot;background_background&quot;:&quot;slideshow&quot;,&quot;background_slideshow_gallery&quot;:[],&quot;background_slideshow_loop&quot;:&quot;yes&quot;,&quot;background_slideshow_slide_duration&quot;:5000,&quot;background_slideshow_slide_transition&quot;:&quot;fade&quot;,&quot;background_slideshow_transition_duration&quot;:500}\">\n\t\t\t\t\t\t<div class=\"elementor-container elementor-column-gap-default\">\n\t\t\t\t\t\t\t<div class=\"elementor-row\">\n\t\t\t\t\t<div class=\"elementor-column elementor-col-100 elementor-top-column elementor-element elementor-element-190e90f\" data-id=\"190e90f\" data-element_type=\"column\">\n\t\t\t<div class=\"elementor-column-wrap elementor-element-populated\">\n\t\t\t\t\t\t\t<div class=\"elementor-widget-wrap\">\n\t\t\t\t\t\t<div class=\"elementor-element elementor-element-8eb731c elementor-widget elementor-widget-heading\" data-id=\"8eb731c\" data-element_type=\"widget\" data-widget_type=\"heading.default\">\n\t\t\t\t<div class=\"elementor-widget-container\">\n\t\t\t<h2 class=\"elementor-heading-title elementor-size-large\">Sobre Copiba<\/h2>\t\t<\/div>\n\t\t\t\t<\/div>\n\t\t\t\t<div class=\"elementor-element elementor-element-d0a4948 elementor-widget-divider--view-line elementor-widget elementor-widget-divider\" data-id=\"d0a4948\" data-element_type=\"widget\" data-widget_type=\"divider.default\">\n\t\t\t\t<div class=\"elementor-widget-container\">\n\t\t\t\t\t<div class=\"elementor-divider\">\n\t\t\t<span class=\"elementor-divider-separator\">\n\t\t\t\t\t\t<\/span>\n\t\t<\/div>\n\t\t\t\t<\/div>\n\t\t\t\t<\/div>\n\t\t\t\t<div class=\"elementor-element elementor-element-92838d9 elementor-widget elementor-widget-text-editor\" data-id=\"92838d9\" data-element_type=\"widget\" data-widget_type=\"text-editor.default\">\n\t\t\t\t<div class=\"elementor-widget-container\">\n\t\t\t\t\t<div class=\"elementor-text-editor elementor-clearfix\">COPIBA, tu empresa de pinturas de confianza<\/div>\n\t\t\t\t<\/div>\n\t\t\t\t<\/div>\n\t\t\t\t\t\t<\/div>\n\t\t\t\t\t<\/div>\n\t\t<\/div>\n\t\t\t\t\t\t\t\t<\/div>\n\t\t\t\t\t<\/div>\n\t\t<\/section>\n\t\t\t\t<section class=\"elementor-section elementor-top-section elementor-element elementor-element-67678a6a elementor-section-boxed elementor-section-height-default elementor-section-height-default\" data-id=\"67678a6a\" data-element_type=\"section\">\n\t\t\t\t\t\t<div class=\"elementor-container elementor-column-gap-no\">\n\t\t\t\t\t\t\t<div class=\"elementor-row\">\n\t\t\t\t\t<div class=\"elementor-column elementor-col-100 elementor-top-column elementor-element elementor-element-5d38dd78\" data-id=\"5d38dd78\" data-element_type=\"column\">\n\t\t\t<div class=\"elementor-column-wrap elementor-element-populated\">\n\t\t\t\t\t\t\t<div class=\"elementor-widget-wrap\">\n\t\t\t\t\t\t<section class=\"elementor-section elementor-inner-section elementor-element elementor-element-745b0f77 elementor-section-boxed elementor-section-height-default elementor-section-height-default\" data-id=\"745b0f77\" data-element_type=\"section\">\n\t\t\t\t\t\t<div class=\"elementor-container elementor-column-gap-default\">\n\t\t\t\t\t\t\t<div class=\"elementor-row\">\n\t\t\t\t\t<div class=\"elementor-column elementor-col-50 elementor-inner-column elementor-element elementor-element-54854f60\" data-id=\"54854f60\" data-element_type=\"column\">\n\t\t\t<div class=\"elementor-column-wrap elementor-element-populated\">\n\t\t\t\t\t\t\t<div class=\"elementor-widget-wrap\">\n\t\t\t\t\t\t<div class=\"elementor-element elementor-element-6e46337a elementor-widget elementor-widget-text-editor\" data-id=\"6e46337a\" data-element_type=\"widget\" data-widget_type=\"text-editor.default\">\n\t\t\t\t<div class=\"elementor-widget-container\">\n\t\t\t\t\t<div class=\"elementor-text-editor elementor-clearfix\">La historia de <strong>Copiba<\/strong> se remonta al a\u00f1o <strong>1899<\/strong> cuando el gremio de pintores de Barcelona crea unas asociaciones para el desarrollo y la formaci\u00f3n de los pintores.\n\n<p>Al mismo tiempo, se crea la <strong>Cooperativa de pintores de Barcelona SCCL<\/strong>, donde solo los asociados al gremio pod\u00edan comprar, y se gestionaba y se dirig\u00eda directamente para su consumo.\n\n<p>Durante muchos a\u00f1os estuvo operando como cooperativa, y en el a\u00f1o <strong>1996<\/strong> se privatiz\u00f3 la explotaci\u00f3n pasando a convertirse en la actual <strong>Copiba SL.<\/strong>, que junto con las tiendas de <strong>Elias<\/strong> en Barcelona forman la red de distribuci\u00f3n m\u00e1s importante de la ciudad para el pintor profesional.<\/div>\n\t\t\t\t<\/div>\n\t\t\t\t<\/div>\n\t\t\t\t\t\t<\/div>\n\t\t\t\t\t<\/div>\n\t\t<\/div>\n\t\t\t\t<div class=\"elementor-column elementor-col-50 elementor-inner-column elementor-element elementor-element-6007f78d\" data-id=\"6007f78d\" data-element_type=\"column\">\n\t\t\t<div class=\"elementor-column-wrap elementor-element-populated\">\n\t\t\t\t\t\t\t<div class=\"elementor-widget-wrap\">\n\t\t\t\t\t\t<div class=\"elementor-element elementor-element-5eb65ceb elementor-widget elementor-widget-text-editor\" data-id=\"5eb65ceb\" data-element_type=\"widget\" data-widget_type=\"text-editor.default\">\n\t\t\t\t<div class=\"elementor-widget-container\">\n\t\t\t\t\t<div class=\"elementor-text-editor elementor-clearfix\">Actualmente, <strong>Copiba SL.<\/strong> tiene dos centros de distribuci\u00f3n, uno en la <strong>c\/Sep\u00falveda, 96<\/strong>, inaugurado en el mes de enero de 2016 y que cuenta con 500m\u00b2 y otro en la <strong>c\/Clot, 167-171<\/strong>, con m\u00e1s de 500m\u00b2. \n\n<p><strong>Copiba SL.<\/strong> dispone hoy en d\u00eda de una red de <strong>comerciales, furgonetas y puntos de venta<\/strong> especializados en el sector de la decoraci\u00f3n y l\u00edderes en el \u00e1mbito tanto profesional como industrial. <\/div>\n\t\t\t\t<\/div>\n\t\t\t\t<\/div>\n\t\t\t\t\t\t<\/div>\n\t\t\t\t\t<\/div>\n\t\t<\/div>\n\t\t\t\t\t\t\t\t<\/div>\n\t\t\t\t\t<\/div>\n\t\t<\/section>\n\t\t\t\t\t\t<\/div>\n\t\t\t\t\t<\/div>\n\t\t<\/div>\n\t\t\t\t\t\t\t\t<\/div>\n\t\t\t\t\t<\/div>\n\t\t<\/section>\n\t\t\t\t<section class=\"elementor-section elementor-top-section elementor-element elementor-element-33e1aaaf elementor-section-content-middle elementor-section-boxed elementor-section-height-default elementor-section-height-default\" data-id=\"33e1aaaf\" data-element_type=\"section\" data-settings=\"{&quot;background_background&quot;:&quot;classic&quot;}\">\n\t\t\t\t\t\t<div class=\"elementor-container elementor-column-gap-default\">\n\t\t\t\t\t\t\t<div class=\"elementor-row\">\n\t\t\t\t\t<div class=\"elementor-column elementor-col-100 elementor-top-column elementor-element elementor-element-513a8dce\" data-id=\"513a8dce\" data-element_type=\"column\">\n\t\t\t<div class=\"elementor-column-wrap elementor-element-populated\">\n\t\t\t\t\t\t\t<div class=\"elementor-widget-wrap\">\n\t\t\t\t\t\t<div class=\"elementor-element elementor-element-2f5af4e3 e-grid-align-center e-grid-align-center elementor-shape-rounded elementor-grid-0 e-grid-align-center elementor-widget elementor-widget-social-icons\" data-id=\"2f5af4e3\" data-element_type=\"widget\" data-widget_type=\"social-icons.default\">\n\t\t\t\t<div class=\"elementor-widget-container\">\n\t\t\t\t\t<div class=\"elementor-social-icons-wrapper elementor-grid\">\n\t\t\t\t\t\t\t<div class=\"elementor-grid-item\">\n\t\t\t\t\t<a class=\"elementor-icon elementor-social-icon elementor-social-icon-instagram elementor-repeater-item-xm4f58e\" href=\"https:\/\/www.instagram.com\/copiba.pintura.es\/?hl=es\" target=\"_blank\">\n\t\t\t\t\t\t<span class=\"elementor-screen-only\">Instagram<\/span>\n\t\t\t\t\t\t<i class=\"fab fa-instagram\"><\/i>\t\t\t\t\t<\/a>\n\t\t\t\t<\/div>\n\t\t\t\t\t\t\t<div class=\"elementor-grid-item\">\n\t\t\t\t\t<a class=\"elementor-icon elementor-social-icon elementor-social-icon-linkedin elementor-repeater-item-rfbgfl0\" href=\"https:\/\/www.linkedin.com\/company\/copiba\/about\/\" target=\"_blank\">\n\t\t\t\t\t\t<span class=\"elementor-screen-only\">Linkedin<\/span>\n\t\t\t\t\t\t<i class=\"fab fa-linkedin\"><\/i>\t\t\t\t\t<\/a>\n\t\t\t\t<\/div>\n\t\t\t\t\t<\/div>\n\t\t\t\t<\/div>\n\t\t\t\t<\/div>\n\t\t\t\t\t\t<\/div>\n\t\t\t\t\t<\/div>\n\t\t<\/div>\n\t\t\t\t\t\t\t\t<\/div>\n\t\t\t\t\t<\/div>\n\t\t<\/section>\n\t\t\t\t\t\t<\/div>\n\t\t\t\t\t\t<\/div>\n\t\t\t\t\t<\/div>\n\t\t","protected":false},"excerpt":{"rendered":"<p>Sobre Copiba COPIBA, tu empresa de pinturas de confianzaLa historia de Copiba se remonta al a\u00f1o 1899 cuando el gremio de pintores de Barcelona crea unas asociaciones para el desarrollo y la formaci\u00f3n de los pintores. Al mismo tiempo, se crea la Cooperativa de pintores de Barcelona SCCL, donde solo los asociados al gremio pod\u00edan &hellip; <\/p>\n<p class=\"link-more\"><a href=\"https:\/\/copiba.com\/es\/sobre-nosotros\/\" class=\"more-link\">Continuar leyendo<span class=\"screen-reader-text\"> &#8220;Sobre nosotros&#8221;<\/span><\/a><\/p>\n","protected":false},"author":2,"featured_media":0,"parent":0,"menu_order":0,"comment_status":"closed","ping_status":"closed","template":"elementor_header_footer","meta":{"footnotes":""},"class_list":["post-630","page","type-page","status-publish","hentry"],"yoast_head":"<!-- This site is optimized with the Yoast SEO plugin v15.7 - https:\/\/yoast.com\/wordpress\/plugins\/seo\/ -->\n<title>Sobre nosotros | Tienda de pinturas en Barcelona | COPIBA<\/title>\n<meta name=\"description\" content=\"Empresa fundada en 1899 que cuenta con dos centros de distribuci\u00f3n, uno en c\/Sep\u00falveda, con 500m\u00b2 y otro en c\/Clot, 167-171, con m\u00e1s de 500m\u00b2.\" \/>\n<meta name=\"robots\" content=\"index, follow, max-snippet:-1, max-image-preview:large, max-video-preview:-1\" \/>\n<link rel=\"canonical\" href=\"https:\/\/copiba.com\/es\/sobre-nosotros\/\" \/>\n<meta property=\"og:locale\" content=\"es_ES\" \/>\n<meta property=\"og:type\" content=\"article\" \/>\n<meta property=\"og:title\" content=\"Sobre nosotros | Tienda de pinturas en Barcelona | COPIBA\" \/>\n<meta property=\"og:description\" content=\"Empresa fundada en 1899 que cuenta con dos centros de distribuci\u00f3n, uno en c\/Sep\u00falveda, con 500m\u00b2 y otro en c\/Clot, 167-171, con m\u00e1s de 500m\u00b2.\" \/>\n<meta property=\"og:url\" content=\"https:\/\/copiba.com\/es\/sobre-nosotros\/\" \/>\n<meta property=\"og:site_name\" content=\"COPIBA Experts en pintures\" \/>\n<meta property=\"article:modified_time\" content=\"2021-02-25T15:21:23+00:00\" \/>\n<meta name=\"twitter:card\" content=\"summary_large_image\" \/>\n<meta name=\"twitter:label1\" content=\"Tiempo de lectura\">\n\t<meta name=\"twitter:data1\" content=\"1 minuto\">\n<script type=\"application\/ld+json\" class=\"yoast-schema-graph\">{\"@context\":\"https:\/\/schema.org\",\"@graph\":[{\"@type\":\"WebSite\",\"@id\":\"https:\/\/copiba.com\/#website\",\"url\":\"https:\/\/copiba.com\/\",\"name\":\"COPIBA Experts en pintures\",\"description\":\"Experts en pintures\",\"potentialAction\":[{\"@type\":\"SearchAction\",\"target\":\"https:\/\/copiba.com\/?s={search_term_string}\",\"query-input\":\"required name=search_term_string\"}],\"inLanguage\":\"es\"},{\"@type\":\"WebPage\",\"@id\":\"https:\/\/copiba.com\/es\/sobre-nosotros\/#webpage\",\"url\":\"https:\/\/copiba.com\/es\/sobre-nosotros\/\",\"name\":\"Sobre nosotros | Tienda de pinturas en Barcelona | COPIBA\",\"isPartOf\":{\"@id\":\"https:\/\/copiba.com\/#website\"},\"datePublished\":\"2020-10-19T10:49:03+00:00\",\"dateModified\":\"2021-02-25T15:21:23+00:00\",\"description\":\"Empresa fundada en 1899 que cuenta con dos centros de distribuci\\u00f3n, uno en c\/Sep\\u00falveda, con 500m\\u00b2 y otro en c\/Clot, 167-171, con m\\u00e1s de 500m\\u00b2.\",\"inLanguage\":\"es\",\"potentialAction\":[{\"@type\":\"ReadAction\",\"target\":[\"https:\/\/copiba.com\/es\/sobre-nosotros\/\"]}]}]}<\/script>\n<!-- \/ Yoast SEO plugin. -->","_links":{"self":[{"href":"https:\/\/copiba.com\/es\/wp-json\/wp\/v2\/pages\/630","targetHints":{"allow":["GET"]}}],"collection":[{"href":"https:\/\/copiba.com\/es\/wp-json\/wp\/v2\/pages"}],"about":[{"href":"https:\/\/copiba.com\/es\/wp-json\/wp\/v2\/types\/page"}],"author":[{"embeddable":true,"href":"https:\/\/copiba.com\/es\/wp-json\/wp\/v2\/users\/2"}],"replies":[{"embeddable":true,"href":"https:\/\/copiba.com\/es\/wp-json\/wp\/v2\/comments?post=630"}],"version-history":[{"count":8,"href":"https:\/\/copiba.com\/es\/wp-json\/wp\/v2\/pages\/630\/revisions"}],"predecessor-version":[{"id":803,"href":"https:\/\/copiba.com\/es\/wp-json\/wp\/v2\/pages\/630\/revisions\/803"}],"wp:attachment":[{"href":"https:\/\/copiba.com\/es\/wp-json\/wp\/v2\/media?parent=630"}],"curies":[{"name":"wp","href":"https:\/\/api.w.org\/{rel}","templated":true}]}}